{"id":251,"date":"2026-02-20T12:19:57","date_gmt":"2026-02-20T11:19:57","guid":{"rendered":"https:\/\/aihmby.com\/?page_id=251"},"modified":"2026-02-24T16:24:26","modified_gmt":"2026-02-24T15:24:26","slug":"activites-minieres","status":"publish","type":"page","link":"https:\/\/aihmby.com\/index.php\/activites-minieres\/","title":{"rendered":"Activit\u00e9s Mini\u00e8res"},"content":{"rendered":"<div class=\"wpb-content-wrapper\"><p>[vc_row][vc_column][vc_empty_space height=\u00a0\u00bb75px\u00a0\u00bb][vc_custom_heading text=\u00a0\u00bbUn accompagnement technique rigoureux au c\u0153ur des op\u00e9rations mini\u00e8res.\u00a0\u00bb font_container=\u00a0\u00bbtag:h1|text_align:center\u00a0\u00bb google_fonts=\u00a0\u00bbfont_family:Roboto%3A100%2C100italic%2C300%2C300italic%2Cregular%2Citalic%2C500%2C500italic%2C700%2C700italic%2C900%2C900italic|font_style:700%20bold%20regular%3A700%3Anormal\u00a0\u00bb css=\u00a0\u00bb\u00a0\u00bb][\/vc_column][\/vc_row][vc_row][vc_column][vc_row_inner][vc_column_inner][vc_custom_heading text=\u00a0\u00bbPr\u00e9sentation\u00a0\u00bb google_fonts=\u00a0\u00bbfont_family:Roboto%3A100%2C100italic%2C300%2C300italic%2Cregular%2Citalic%2C500%2C500italic%2C700%2C700italic%2C900%2C900italic|font_style:700%20bold%20regular%3A700%3Anormal\u00a0\u00bb css=\u00a0\u00bb.vc_custom_1771937076979{margin-top: 0px !important;margin-bottom: 0px !important;border-top-width: 0px !important;border-bottom-width: 0px !important;padding-top: 0px !important;padding-bottom: 0px !important;}\u00a0\u00bb][vc_column_text css=\u00a0\u00bb.vc_custom_1771946573518{margin-top: 0px !important;border-top-width: 0px !important;padding-top: 0px !important;padding-right: 10px !important;padding-left: 10px !important;}\u00a0\u00bb]<\/p>\n<p style=\"text-align: justify;\">AIHMBY intervient en appui technique et logistique des activit\u00e9s mini\u00e8res, en garantissant conformit\u00e9, s\u00e9curit\u00e9 et efficacit\u00e9 op\u00e9rationnelle.<\/p>\n<p>[\/vc_column_text][\/vc_column_inner][\/vc_row_inner][\/vc_column][\/vc_row][vc_row][vc_column width=\u00a0\u00bb1\/2&Prime;][vc_row_inner][vc_column_inner][vc_single_image image=\u00a0\u00bb466&Prime; img_size=\u00a0\u00bb250&#215;250&Prime; alignment=\u00a0\u00bbcenter\u00a0\u00bb css=\u00a0\u00bb\u00a0\u00bb][\/vc_column_inner][\/vc_row_inner][\/vc_column][vc_column width=\u00a0\u00bb1\/2&Prime;][vc_row_inner][vc_column_inner][vc_empty_space height=\u00a0\u00bb20px\u00a0\u00bb][vc_custom_heading text=\u00a0\u00bbNotre expertise\u00a0\u00bb google_fonts=\u00a0\u00bbfont_family:Roboto%3A100%2C100italic%2C300%2C300italic%2Cregular%2Citalic%2C500%2C500italic%2C700%2C700italic%2C900%2C900italic|font_style:700%20bold%20regular%3A700%3Anormal\u00a0\u00bb css=\u00a0\u00bb.vc_custom_1771937161562{margin-top: 0px !important;margin-bottom: 0px !important;border-top-width: 0px !important;border-bottom-width: 0px !important;padding-top: 0px !important;padding-bottom: 0px !important;}\u00a0\u00bb][vc_column_text css=\u00a0\u00bb.vc_custom_1771946592706{margin-top: 0px !important;border-top-width: 0px !important;padding-top: 0px !important;padding-right: 10px !important;padding-left: 10px !important;}\u00a0\u00bb]<\/p>\n<ul>\n<li data-start=\"4281\" data-end=\"4319\">\n<p data-start=\"4283\" data-end=\"4319\">Assistance aux op\u00e9rations mini\u00e8res<\/p>\n<\/li>\n<li data-start=\"4320\" data-end=\"4360\">\n<p data-start=\"4322\" data-end=\"4360\">Fourniture d\u2019\u00e9quipements sp\u00e9cialis\u00e9s<\/p>\n<\/li>\n<li data-start=\"4361\" data-end=\"4393\">\n<p data-start=\"4363\" data-end=\"4393\">Support logistique des sites<\/p>\n<\/li>\n<li data-start=\"4394\" data-end=\"4420\">\n<p data-start=\"4396\" data-end=\"4420\">Coordination technique<\/p>\n<\/li>\n<\/ul>\n<p>[\/vc_column_text][\/vc_column_inner][\/vc_row_inner][\/vc_column][\/vc_row][vc_row][vc_column][vc_row_inner][vc_column_inner][vc_custom_heading text=\u00a0\u00bbNotre engagement\u00a0\u00bb google_fonts=\u00a0\u00bbfont_family:Roboto%3A100%2C100italic%2C300%2C300italic%2Cregular%2Citalic%2C500%2C500italic%2C700%2C700italic%2C900%2C900italic|font_style:700%20bold%20regular%3A700%3Anormal\u00a0\u00bb css=\u00a0\u00bb.vc_custom_1771946621975{margin-top: 0px !important;margin-bottom: 0px !important;border-top-width: 0px !important;border-bottom-width: 0px !important;padding-top: 0px !important;padding-bottom: 0px !important;}\u00a0\u00bb][vc_column_text css=\u00a0\u00bb.vc_custom_1771946611200{margin-top: 0px !important;border-top-width: 0px !important;padding-top: 0px !important;padding-right: 10px !important;padding-left: 10px !important;}\u00a0\u00bb]<\/p>\n<p data-start=\"1109\" data-end=\"1198\">Respect des normes environnementales, s\u00e9curit\u00e9 renforc\u00e9e et performance durable.<\/p>\n<p>[\/vc_column_text][\/vc_column_inner][\/vc_row_inner][\/vc_column][\/vc_row][vc_row disable_element=\u00a0\u00bbyes\u00a0\u00bb][vc_column width=\u00a0\u00bb1\/2&Prime;][vc_row_inner][vc_column_inner][vc_single_image image=\u00a0\u00bb452&Prime; img_size=\u00a0\u00bbfull\u00a0\u00bb alignment=\u00a0\u00bbcenter\u00a0\u00bb css=\u00a0\u00bb\u00a0\u00bb][\/vc_column_inner][\/vc_row_inner][\/vc_column][vc_column width=\u00a0\u00bb1\/2&Prime;][vc_row_inner][vc_column_inner][vc_empty_space][vc_custom_heading text=\u00a0\u00bbPourquoi nous confier votre projet ?\u00a0\u00bb google_fonts=\u00a0\u00bbfont_family:Roboto%3A100%2C100italic%2C300%2C300italic%2Cregular%2Citalic%2C500%2C500italic%2C700%2C700italic%2C900%2C900italic|font_style:700%20bold%20regular%3A700%3Anormal\u00a0\u00bb css=\u00a0\u00bb.vc_custom_1771937277093{margin-top: 0px !important;margin-bottom: 0px !important;border-top-width: 0px !important;border-bottom-width: 0px !important;padding-top: 0px !important;padding-bottom: 0px !important;}\u00a0\u00bb][vc_column_text css=\u00a0\u00bb.vc_custom_1771941093710{margin-top: 0px !important;border-top-width: 0px !important;padding-top: 0px !important;padding-right: 10px !important;padding-left: 10px !important;}\u00a0\u00bb]<\/p>\n<p data-start=\"1109\" data-end=\"1198\">Parce que chaque investissement m\u00e9rite une gestion ma\u00eetris\u00e9e et un partenaire fiable.<\/p>\n<p>[\/vc_column_text][\/vc_column_inner][\/vc_row_inner][\/vc_column][\/vc_row][vc_row type=\u00a0\u00bbfull-width-section\u00a0\u00bb css=\u00a0\u00bb.vc_custom_1771941507873{margin-bottom: 0px !important;border-bottom-width: 0px !important;padding-bottom: 0px !important;background-image: url(https:\/\/aihmby.com\/wp-content\/uploads\/2026\/02\/immoo.png?id=464) !important;}\u00a0\u00bb][vc_column][vc_empty_space height=\u00a0\u00bb100px\u00a0\u00bb]<style type=\"text\/css\" >#b_vecaw77648x9j71ms2c9 a{color:#ffffff; background:#2295d8; margin-top:0px; margin-bottom:0px;  margin-left:0px; margin-right:0px; font-weight:900; border-radius:0px;}#b_vecaw77648x9j71ms2c9 a:hover{color:#ffffff ; background:#1e73be ;}<\/style><div class=\"ta_center tf_btn_pos\" id=\"b_vecaw77648x9j71ms2c9\" ><a class=\"rd_normal_bt large_rd_bt  \" href=\"#\" target=\"\"   >B\u00e9n\u00e9ficiez d\u2019un partenaire fiable pour vos projets miniers.<\/a><\/div>[vc_empty_space height=\u00a0\u00bb100px\u00a0\u00bb][\/vc_column][\/vc_row]<\/p>\n<\/div>","protected":false},"excerpt":{"rendered":"<p>[vc_row][vc_column][vc_empty_space height=\u00a0\u00bb75px\u00a0\u00bb][vc_custom_heading text=\u00a0\u00bbUn accompagnement technique rigoureux au c\u0153ur des op\u00e9rations mini\u00e8res.\u00a0\u00bb font_container=\u00a0\u00bbtag:h1|text_align:center\u00a0\u00bb google_fonts=\u00a0\u00bbfont_family:Roboto%3A100%2C100italic%2C300%2C300italic%2Cregular%2Citalic%2C500%2C500italic%2C700%2C700italic%2C900%2C900italic|font_style:700%20bold%20regular%3A700%3Anormal\u00a0\u00bb css=\u00a0\u00bb\u00a0\u00bb][\/vc_column][\/vc_row][vc_row][vc_column][vc_row_inner][vc_column_inner][vc_custom_heading text=\u00a0\u00bbPr\u00e9sentation\u00a0\u00bb google_fonts=\u00a0\u00bbfont_family:Roboto%3A100%2C100italic%2C300%2C300italic%2Cregular%2Citalic%2C500%2C500italic%2C700%2C700italic%2C900%2C900italic|font_style:700%20bold%20regular%3A700%3Anormal\u00a0\u00bb css=\u00a0\u00bb.vc_custom_1771937076979{margin-top: 0px !important;margin-bottom: 0px !important;border-top-width: 0px !important;border-bottom-width: 0px !important;padding-top: 0px !important;padding-bottom: 0px !important;}\u00a0\u00bb][vc_column_text css=\u00a0\u00bb.vc_custom_1771946573518{margin-top: 0px !important;border-top-width: 0px !important;padding-top: 0px !important;padding-right: 10px !important;padding-left: 10px !important;}\u00a0\u00bb] AIHMBY intervient en appui technique et logistique des activit\u00e9s mini\u00e8res, en garantissant conformit\u00e9, s\u00e9curit\u00e9 et<br \/><a href=\"https:\/\/aihmby.com\/index.php\/activites-minieres\/\" class=\"more\">Read more<\/a><\/p>\n","protected":false},"author":1,"featured_media":0,"parent":0,"menu_order":0,"comment_status":"closed","ping_status":"closed","template":"","meta":{"footnotes":""},"class_list":["post-251","page","type-page","status-publish","hentry"],"_links":{"self":[{"href":"https:\/\/aihmby.com\/index.php\/wp-json\/wp\/v2\/pages\/251","targetHints":{"allow":["GET"]}}],"collection":[{"href":"https:\/\/aihmby.com\/index.php\/wp-json\/wp\/v2\/pages"}],"about":[{"href":"https:\/\/aihmby.com\/index.php\/wp-json\/wp\/v2\/types\/page"}],"author":[{"embeddable":true,"href":"https:\/\/aihmby.com\/index.php\/wp-json\/wp\/v2\/users\/1"}],"replies":[{"embeddable":true,"href":"https:\/\/aihmby.com\/index.php\/wp-json\/wp\/v2\/comments?post=251"}],"version-history":[{"count":4,"href":"https:\/\/aihmby.com\/index.php\/wp-json\/wp\/v2\/pages\/251\/revisions"}],"predecessor-version":[{"id":483,"href":"https:\/\/aihmby.com\/index.php\/wp-json\/wp\/v2\/pages\/251\/revisions\/483"}],"wp:attachment":[{"href":"https:\/\/aihmby.com\/index.php\/wp-json\/wp\/v2\/media?parent=251"}],"curies":[{"name":"wp","href":"https:\/\/api.w.org\/{rel}","templated":true}]}}