{"id":245,"date":"2026-02-20T12:18:45","date_gmt":"2026-02-20T11:18:45","guid":{"rendered":"https:\/\/aihmby.com\/?page_id=245"},"modified":"2026-02-24T15:05:37","modified_gmt":"2026-02-24T14:05:37","slug":"immobilier","status":"publish","type":"page","link":"https:\/\/aihmby.com\/index.php\/immobilier\/","title":{"rendered":"Immobilier"},"content":{"rendered":"<div class=\"wpb-content-wrapper\"><p>[vc_row][vc_column][vc_empty_space height=\u00a0\u00bb75px\u00a0\u00bb][vc_custom_heading text=\u00a0\u00bbS\u00e9curiser, structurer et valoriser vos op\u00e9rations immobili\u00e8res.\u00a0\u00bb font_container=\u00a0\u00bbtag:h1|text_align:center\u00a0\u00bb google_fonts=\u00a0\u00bbfont_family:Roboto%3A100%2C100italic%2C300%2C300italic%2Cregular%2Citalic%2C500%2C500italic%2C700%2C700italic%2C900%2C900italic|font_style:700%20bold%20regular%3A700%3Anormal\u00a0\u00bb css=\u00a0\u00bb\u00a0\u00bb][\/vc_column][\/vc_row][vc_row][vc_column][vc_row_inner][vc_column_inner][vc_custom_heading text=\u00a0\u00bbPr\u00e9sentation\u00a0\u00bb google_fonts=\u00a0\u00bbfont_family:Roboto%3A100%2C100italic%2C300%2C300italic%2Cregular%2Citalic%2C500%2C500italic%2C700%2C700italic%2C900%2C900italic|font_style:700%20bold%20regular%3A700%3Anormal\u00a0\u00bb css=\u00a0\u00bb.vc_custom_1771937076979{margin-top: 0px !important;margin-bottom: 0px !important;border-top-width: 0px !important;border-bottom-width: 0px !important;padding-top: 0px !important;padding-bottom: 0px !important;}\u00a0\u00bb][vc_column_text css=\u00a0\u00bb.vc_custom_1771941010672{margin-top: 0px !important;border-top-width: 0px !important;padding-top: 0px !important;padding-right: 10px !important;padding-left: 10px !important;}\u00a0\u00bb]<\/p>\n<p style=\"text-align: justify;\">AIHMBY agit comme un partenaire strat\u00e9gique dans la r\u00e9alisation et la m\u00e9diation de projets immobiliers. Nous facilitons les transactions, structurons les op\u00e9rations et accompagnons investisseurs et propri\u00e9taires vers des d\u00e9cisions \u00e9clair\u00e9es.<\/p>\n<p>[\/vc_column_text][\/vc_column_inner][\/vc_row_inner][\/vc_column][\/vc_row][vc_row][vc_column width=\u00a0\u00bb1\/2&Prime;][vc_row_inner][vc_column_inner][vc_single_image image=\u00a0\u00bb466&Prime; img_size=\u00a0\u00bb250&#215;250&Prime; alignment=\u00a0\u00bbcenter\u00a0\u00bb css=\u00a0\u00bb\u00a0\u00bb][\/vc_column_inner][\/vc_row_inner][\/vc_column][vc_column width=\u00a0\u00bb1\/2&Prime;][vc_row_inner][vc_column_inner][vc_empty_space height=\u00a0\u00bb20px\u00a0\u00bb][vc_custom_heading text=\u00a0\u00bbNotre expertise\u00a0\u00bb google_fonts=\u00a0\u00bbfont_family:Roboto%3A100%2C100italic%2C300%2C300italic%2Cregular%2Citalic%2C500%2C500italic%2C700%2C700italic%2C900%2C900italic|font_style:700%20bold%20regular%3A700%3Anormal\u00a0\u00bb css=\u00a0\u00bb.vc_custom_1771937161562{margin-top: 0px !important;margin-bottom: 0px !important;border-top-width: 0px !important;border-bottom-width: 0px !important;padding-top: 0px !important;padding-bottom: 0px !important;}\u00a0\u00bb][vc_column_text css=\u00a0\u00bb.vc_custom_1771941037023{margin-top: 0px !important;border-top-width: 0px !important;padding-top: 0px !important;padding-right: 10px !important;padding-left: 10px !important;}\u00a0\u00bb]<\/p>\n<ul>\n<li data-start=\"1952\" data-end=\"2006\">\n<p data-start=\"1954\" data-end=\"2006\">Assistance \u00e0 la r\u00e9alisation de projets immobiliers<\/p>\n<\/li>\n<li data-start=\"2007\" data-end=\"2051\">\n<p data-start=\"2009\" data-end=\"2051\">M\u00e9diation et n\u00e9gociation professionnelle<\/p>\n<\/li>\n<li data-start=\"2052\" data-end=\"2092\">\n<p data-start=\"2054\" data-end=\"2092\">Conseil en investissement immobilier<\/p>\n<\/li>\n<li data-start=\"2093\" data-end=\"2137\">\n<p data-start=\"2095\" data-end=\"2137\">Coordination technique et administrative<\/p>\n<\/li>\n<li data-start=\"2138\" data-end=\"2169\">\n<p data-start=\"2140\" data-end=\"2169\">S\u00e9curisation des op\u00e9rations<\/p>\n<\/li>\n<\/ul>\n<p>[\/vc_column_text][\/vc_column_inner][\/vc_row_inner][\/vc_column][\/vc_row][vc_row][vc_column][vc_row_inner][vc_column_inner][vc_custom_heading text=\u00a0\u00bbNotre diff\u00e9rence\u00a0\u00bb google_fonts=\u00a0\u00bbfont_family:Roboto%3A100%2C100italic%2C300%2C300italic%2Cregular%2Citalic%2C500%2C500italic%2C700%2C700italic%2C900%2C900italic|font_style:700%20bold%20regular%3A700%3Anormal\u00a0\u00bb css=\u00a0\u00bb.vc_custom_1771937202466{margin-top: 0px !important;margin-bottom: 0px !important;border-top-width: 0px !important;border-bottom-width: 0px !important;padding-top: 0px !important;padding-bottom: 0px !important;}\u00a0\u00bb][vc_column_text css=\u00a0\u00bb.vc_custom_1771941059027{margin-top: 0px !important;border-top-width: 0px !important;padding-top: 0px !important;padding-right: 10px !important;padding-left: 10px !important;}\u00a0\u00bb]<\/p>\n<p data-start=\"1109\" data-end=\"1198\">Nous allions rigueur juridique, ma\u00eetrise technique et compr\u00e9hension du march\u00e9 pour garantir des op\u00e9rations transparentes et s\u00e9curis\u00e9es.<\/p>\n<p>[\/vc_column_text][\/vc_column_inner][\/vc_row_inner][\/vc_column][\/vc_row][vc_row][vc_column width=\u00a0\u00bb1\/2&Prime;][vc_row_inner][vc_column_inner][vc_single_image image=\u00a0\u00bb452&Prime; img_size=\u00a0\u00bbfull\u00a0\u00bb alignment=\u00a0\u00bbcenter\u00a0\u00bb css=\u00a0\u00bb\u00a0\u00bb][\/vc_column_inner][\/vc_row_inner][\/vc_column][vc_column width=\u00a0\u00bb1\/2&Prime;][vc_row_inner][vc_column_inner][vc_empty_space][vc_custom_heading text=\u00a0\u00bbPourquoi nous confier votre projet ?\u00a0\u00bb google_fonts=\u00a0\u00bbfont_family:Roboto%3A100%2C100italic%2C300%2C300italic%2Cregular%2Citalic%2C500%2C500italic%2C700%2C700italic%2C900%2C900italic|font_style:700%20bold%20regular%3A700%3Anormal\u00a0\u00bb css=\u00a0\u00bb.vc_custom_1771937277093{margin-top: 0px !important;margin-bottom: 0px !important;border-top-width: 0px !important;border-bottom-width: 0px !important;padding-top: 0px !important;padding-bottom: 0px !important;}\u00a0\u00bb][vc_column_text css=\u00a0\u00bb.vc_custom_1771941093710{margin-top: 0px !important;border-top-width: 0px !important;padding-top: 0px !important;padding-right: 10px !important;padding-left: 10px !important;}\u00a0\u00bb]<\/p>\n<p data-start=\"1109\" data-end=\"1198\">Parce que chaque investissement m\u00e9rite une gestion ma\u00eetris\u00e9e et un partenaire fiable.<\/p>\n<p>[\/vc_column_text][\/vc_column_inner][\/vc_row_inner][\/vc_column][\/vc_row][vc_row type=\u00a0\u00bbfull-width-section\u00a0\u00bb css=\u00a0\u00bb.vc_custom_1771941507873{margin-bottom: 0px !important;border-bottom-width: 0px !important;padding-bottom: 0px !important;background-image: url(https:\/\/aihmby.com\/wp-content\/uploads\/2026\/02\/immoo.png?id=464) !important;}\u00a0\u00bb][vc_column][vc_empty_space height=\u00a0\u00bb100px\u00a0\u00bb]<style type=\"text\/css\" >#b_t1bl3kyc5ob2zbifr4sa a{color:#ffffff; background:#2295d8; margin-top:0px; margin-bottom:0px;  margin-left:0px; margin-right:0px; font-weight:900; border-radius:0px;}#b_t1bl3kyc5ob2zbifr4sa a:hover{color:#ffffff ; background:#1e73be ;}<\/style><div class=\"ta_center tf_btn_pos\" id=\"b_t1bl3kyc5ob2zbifr4sa\" ><a class=\"rd_normal_bt large_rd_bt  \" href=\"#\" target=\"\"   >Confiez-nous votre projet immobilier en toute confiance.<\/a><\/div>[vc_empty_space height=\u00a0\u00bb100px\u00a0\u00bb][\/vc_column][\/vc_row]<\/p>\n<\/div>","protected":false},"excerpt":{"rendered":"<p>[vc_row][vc_column][vc_empty_space height=\u00a0\u00bb75px\u00a0\u00bb][vc_custom_heading text=\u00a0\u00bbS\u00e9curiser, structurer et valoriser vos op\u00e9rations immobili\u00e8res.\u00a0\u00bb font_container=\u00a0\u00bbtag:h1|text_align:center\u00a0\u00bb google_fonts=\u00a0\u00bbfont_family:Roboto%3A100%2C100italic%2C300%2C300italic%2Cregular%2Citalic%2C500%2C500italic%2C700%2C700italic%2C900%2C900italic|font_style:700%20bold%20regular%3A700%3Anormal\u00a0\u00bb css=\u00a0\u00bb\u00a0\u00bb][\/vc_column][\/vc_row][vc_row][vc_column][vc_row_inner][vc_column_inner][vc_custom_heading text=\u00a0\u00bbPr\u00e9sentation\u00a0\u00bb google_fonts=\u00a0\u00bbfont_family:Roboto%3A100%2C100italic%2C300%2C300italic%2Cregular%2Citalic%2C500%2C500italic%2C700%2C700italic%2C900%2C900italic|font_style:700%20bold%20regular%3A700%3Anormal\u00a0\u00bb css=\u00a0\u00bb.vc_custom_1771937076979{margin-top: 0px !important;margin-bottom: 0px !important;border-top-width: 0px !important;border-bottom-width: 0px !important;padding-top: 0px !important;padding-bottom: 0px !important;}\u00a0\u00bb][vc_column_text css=\u00a0\u00bb.vc_custom_1771941010672{margin-top: 0px !important;border-top-width: 0px !important;padding-top: 0px !important;padding-right: 10px !important;padding-left: 10px !important;}\u00a0\u00bb] AIHMBY agit comme un partenaire strat\u00e9gique dans la r\u00e9alisation et la m\u00e9diation de projets immobiliers. Nous facilitons<br \/><a href=\"https:\/\/aihmby.com\/index.php\/immobilier\/\" class=\"more\">Read more<\/a><\/p>\n","protected":false},"author":1,"featured_media":0,"parent":0,"menu_order":0,"comment_status":"closed","ping_status":"closed","template":"","meta":{"footnotes":""},"class_list":["post-245","page","type-page","status-publish","hentry"],"_links":{"self":[{"href":"https:\/\/aihmby.com\/index.php\/wp-json\/wp\/v2\/pages\/245","targetHints":{"allow":["GET"]}}],"collection":[{"href":"https:\/\/aihmby.com\/index.php\/wp-json\/wp\/v2\/pages"}],"about":[{"href":"https:\/\/aihmby.com\/index.php\/wp-json\/wp\/v2\/types\/page"}],"author":[{"embeddable":true,"href":"https:\/\/aihmby.com\/index.php\/wp-json\/wp\/v2\/users\/1"}],"replies":[{"embeddable":true,"href":"https:\/\/aihmby.com\/index.php\/wp-json\/wp\/v2\/comments?post=245"}],"version-history":[{"count":5,"href":"https:\/\/aihmby.com\/index.php\/wp-json\/wp\/v2\/pages\/245\/revisions"}],"predecessor-version":[{"id":467,"href":"https:\/\/aihmby.com\/index.php\/wp-json\/wp\/v2\/pages\/245\/revisions\/467"}],"wp:attachment":[{"href":"https:\/\/aihmby.com\/index.php\/wp-json\/wp\/v2\/media?parent=245"}],"curies":[{"name":"wp","href":"https:\/\/api.w.org\/{rel}","templated":true}]}}