{"id":243,"date":"2026-02-20T12:18:25","date_gmt":"2026-02-20T11:18:25","guid":{"rendered":"https:\/\/aihmby.com\/?page_id=243"},"modified":"2026-02-24T14:47:17","modified_gmt":"2026-02-24T13:47:17","slug":"conception-de-projets","status":"publish","type":"page","link":"https:\/\/aihmby.com\/index.php\/conception-de-projets\/","title":{"rendered":"Conception de projets"},"content":{"rendered":"<div class=\"wpb-content-wrapper\"><p>[vc_row][vc_column][vc_empty_space height=\u00a0\u00bb75px\u00a0\u00bb][vc_custom_heading text=\u00a0\u00bbTransformer les id\u00e9es ambitieuses en projets structur\u00e9s et r\u00e9alisables.\u00a0\u00bb font_container=\u00a0\u00bbtag:h1|text_align:center\u00a0\u00bb google_fonts=\u00a0\u00bbfont_family:Roboto%3A100%2C100italic%2C300%2C300italic%2Cregular%2Citalic%2C500%2C500italic%2C700%2C700italic%2C900%2C900italic|font_style:700%20bold%20regular%3A700%3Anormal\u00a0\u00bb css=\u00a0\u00bb\u00a0\u00bb][\/vc_column][\/vc_row][vc_row][vc_column][vc_row_inner][vc_column_inner][vc_custom_heading text=\u00a0\u00bbPr\u00e9sentation\u00a0\u00bb google_fonts=\u00a0\u00bbfont_family:Roboto%3A100%2C100italic%2C300%2C300italic%2Cregular%2Citalic%2C500%2C500italic%2C700%2C700italic%2C900%2C900italic|font_style:700%20bold%20regular%3A700%3Anormal\u00a0\u00bb css=\u00a0\u00bb.vc_custom_1771937076979{margin-top: 0px !important;margin-bottom: 0px !important;border-top-width: 0px !important;border-bottom-width: 0px !important;padding-top: 0px !important;padding-bottom: 0px !important;}\u00a0\u00bb][vc_column_text css=\u00a0\u00bb.vc_custom_1771937112712{margin-top: 0px !important;border-top-width: 0px !important;padding-top: 0px !important;padding-right: 10px !important;padding-left: 10px !important;}\u00a0\u00bb]<\/p>\n<p style=\"text-align: justify;\">Le p\u00f4le Conception de projets d\u2019AIHMBY constitue le socle strat\u00e9gique de toute intervention r\u00e9ussie. Nous accompagnons nos partenaires d\u00e8s la phase initiale, en structurant des projets solides, viables et align\u00e9s sur leurs objectifs financiers, techniques et op\u00e9rationnels.<\/p>\n<p>[\/vc_column_text][\/vc_column_inner][\/vc_row_inner][\/vc_column][\/vc_row][vc_row][vc_column width=\u00a0\u00bb1\/2&Prime;][vc_row_inner][vc_column_inner][vc_single_image image=\u00a0\u00bb444&Prime; img_size=\u00a0\u00bb250&#215;250&Prime; alignment=\u00a0\u00bbcenter\u00a0\u00bb css=\u00a0\u00bb\u00a0\u00bb][\/vc_column_inner][\/vc_row_inner][\/vc_column][vc_column width=\u00a0\u00bb1\/2&Prime;][vc_row_inner][vc_column_inner][vc_empty_space height=\u00a0\u00bb20px\u00a0\u00bb][vc_custom_heading text=\u00a0\u00bbNotre expertise\u00a0\u00bb google_fonts=\u00a0\u00bbfont_family:Roboto%3A100%2C100italic%2C300%2C300italic%2Cregular%2Citalic%2C500%2C500italic%2C700%2C700italic%2C900%2C900italic|font_style:700%20bold%20regular%3A700%3Anormal\u00a0\u00bb css=\u00a0\u00bb.vc_custom_1771937161562{margin-top: 0px !important;margin-bottom: 0px !important;border-top-width: 0px !important;border-bottom-width: 0px !important;padding-top: 0px !important;padding-bottom: 0px !important;}\u00a0\u00bb][vc_column_text css=\u00a0\u00bb.vc_custom_1771937173885{margin-top: 0px !important;border-top-width: 0px !important;padding-top: 0px !important;padding-right: 10px !important;padding-left: 10px !important;}\u00a0\u00bb]<\/p>\n<ul>\n<li data-start=\"824\" data-end=\"873\">\n<p data-start=\"826\" data-end=\"873\">\u00c9tudes de faisabilit\u00e9 technique et financi\u00e8re<\/p>\n<\/li>\n<li data-start=\"874\" data-end=\"923\">\n<p data-start=\"876\" data-end=\"923\">Analyse de risques et optimisation budg\u00e9taire<\/p>\n<\/li>\n<li data-start=\"924\" data-end=\"982\">\n<p data-start=\"926\" data-end=\"982\">\u00c9laboration de plans directeurs et cahiers des charges<\/p>\n<\/li>\n<li data-start=\"983\" data-end=\"1039\">\n<p data-start=\"985\" data-end=\"1039\">Assistance au montage administratif et r\u00e9glementaire<\/p>\n<\/li>\n<li data-start=\"1040\" data-end=\"1087\">\n<p data-start=\"1042\" data-end=\"1087\">Planification strat\u00e9gique et op\u00e9rationnelle<\/p>\n<\/li>\n<\/ul>\n<p>[\/vc_column_text][\/vc_column_inner][\/vc_row_inner][\/vc_column][\/vc_row][vc_row][vc_column][vc_row_inner][vc_column_inner][vc_custom_heading text=\u00a0\u00bbNotre diff\u00e9rence\u00a0\u00bb google_fonts=\u00a0\u00bbfont_family:Roboto%3A100%2C100italic%2C300%2C300italic%2Cregular%2Citalic%2C500%2C500italic%2C700%2C700italic%2C900%2C900italic|font_style:700%20bold%20regular%3A700%3Anormal\u00a0\u00bb css=\u00a0\u00bb.vc_custom_1771937202466{margin-top: 0px !important;margin-bottom: 0px !important;border-top-width: 0px !important;border-bottom-width: 0px !important;padding-top: 0px !important;padding-bottom: 0px !important;}\u00a0\u00bb][vc_column_text css=\u00a0\u00bb.vc_custom_1771937241691{margin-top: 0px !important;border-top-width: 0px !important;padding-top: 0px !important;padding-right: 10px !important;padding-left: 10px !important;}\u00a0\u00bb]<\/p>\n<p data-start=\"1109\" data-end=\"1198\">Nous ne nous contentons pas de concevoir :<br data-start=\"1151\" data-end=\"1154\" \/>Nous anticipons, s\u00e9curisons et optimisons.<\/p>\n<p style=\"text-align: center;\" data-start=\"1200\" data-end=\"1298\">Chaque projet est pens\u00e9 avec une vision globale, int\u00e9grant performance, durabilit\u00e9 et rentabilit\u00e9.<\/p>\n<p>[\/vc_column_text][\/vc_column_inner][\/vc_row_inner][\/vc_column][\/vc_row][vc_row][vc_column width=\u00a0\u00bb1\/2&Prime;][vc_row_inner][vc_column_inner][vc_single_image image=\u00a0\u00bb452&Prime; img_size=\u00a0\u00bbfull\u00a0\u00bb alignment=\u00a0\u00bbcenter\u00a0\u00bb css=\u00a0\u00bb\u00a0\u00bb][\/vc_column_inner][\/vc_row_inner][\/vc_column][vc_column width=\u00a0\u00bb1\/2&Prime;][vc_row_inner][vc_column_inner][vc_empty_space][vc_custom_heading text=\u00a0\u00bbPourquoi nous confier votre projet ?\u00a0\u00bb google_fonts=\u00a0\u00bbfont_family:Roboto%3A100%2C100italic%2C300%2C300italic%2Cregular%2Citalic%2C500%2C500italic%2C700%2C700italic%2C900%2C900italic|font_style:700%20bold%20regular%3A700%3Anormal\u00a0\u00bb css=\u00a0\u00bb.vc_custom_1771937277093{margin-top: 0px !important;margin-bottom: 0px !important;border-top-width: 0px !important;border-bottom-width: 0px !important;padding-top: 0px !important;padding-bottom: 0px !important;}\u00a0\u00bb][vc_column_text css=\u00a0\u00bb.vc_custom_1771937289694{margin-top: 0px !important;border-top-width: 0px !important;padding-top: 0px !important;padding-right: 10px !important;padding-left: 10px !important;}\u00a0\u00bb]<\/p>\n<p data-start=\"1109\" data-end=\"1198\">Parce qu\u2019un projet bien con\u00e7u est un projet ma\u00eetris\u00e9.<br data-start=\"1393\" data-end=\"1396\" \/>Notre approche r\u00e9duit les impr\u00e9vus, s\u00e9curise les investissements et maximise les r\u00e9sultats.<\/p>\n<p>[\/vc_column_text][\/vc_column_inner][\/vc_row_inner][\/vc_column][\/vc_row][vc_row type=\u00a0\u00bbfull-width-section\u00a0\u00bb css=\u00a0\u00bb.vc_custom_1771940792264{margin-bottom: 0px !important;border-bottom-width: 0px !important;padding-bottom: 0px !important;background-image: url(https:\/\/aihmby.com\/wp-content\/uploads\/2026\/02\/projetbot.png?id=456) !important;}\u00a0\u00bb][vc_column][vc_empty_space height=\u00a0\u00bb100px\u00a0\u00bb]<style type=\"text\/css\" >#b_avtelf2ts6m3uy292n4e a{color:#ffffff; background:#2295d8; margin-top:0px; margin-bottom:0px;  margin-left:0px; margin-right:0px; font-weight:900; border-radius:0px;}#b_avtelf2ts6m3uy292n4e a:hover{color:#ffffff ; background:#1e73be ;}<\/style><div class=\"ta_center tf_btn_pos\" id=\"b_avtelf2ts6m3uy292n4e\" ><a class=\"rd_normal_bt large_rd_bt  \" href=\"#\" target=\"\"   >Discutons de votre projet d\u00e8s aujourd\u2019hui.<\/a><\/div>[vc_empty_space height=\u00a0\u00bb100px\u00a0\u00bb][\/vc_column][\/vc_row]<\/p>\n<\/div>","protected":false},"excerpt":{"rendered":"<p>[vc_row][vc_column][vc_empty_space height=\u00a0\u00bb75px\u00a0\u00bb][vc_custom_heading text=\u00a0\u00bbTransformer les id\u00e9es ambitieuses en projets structur\u00e9s et r\u00e9alisables.\u00a0\u00bb font_container=\u00a0\u00bbtag:h1|text_align:center\u00a0\u00bb google_fonts=\u00a0\u00bbfont_family:Roboto%3A100%2C100italic%2C300%2C300italic%2Cregular%2Citalic%2C500%2C500italic%2C700%2C700italic%2C900%2C900italic|font_style:700%20bold%20regular%3A700%3Anormal\u00a0\u00bb css=\u00a0\u00bb\u00a0\u00bb][\/vc_column][\/vc_row][vc_row][vc_column][vc_row_inner][vc_column_inner][vc_custom_heading text=\u00a0\u00bbPr\u00e9sentation\u00a0\u00bb google_fonts=\u00a0\u00bbfont_family:Roboto%3A100%2C100italic%2C300%2C300italic%2Cregular%2Citalic%2C500%2C500italic%2C700%2C700italic%2C900%2C900italic|font_style:700%20bold%20regular%3A700%3Anormal\u00a0\u00bb css=\u00a0\u00bb.vc_custom_1771937076979{margin-top: 0px !important;margin-bottom: 0px !important;border-top-width: 0px !important;border-bottom-width: 0px !important;padding-top: 0px !important;padding-bottom: 0px !important;}\u00a0\u00bb][vc_column_text css=\u00a0\u00bb.vc_custom_1771937112712{margin-top: 0px !important;border-top-width: 0px !important;padding-top: 0px !important;padding-right: 10px !important;padding-left: 10px !important;}\u00a0\u00bb] Le p\u00f4le Conception de projets d\u2019AIHMBY constitue le socle strat\u00e9gique de toute intervention r\u00e9ussie. Nous<br \/><a href=\"https:\/\/aihmby.com\/index.php\/conception-de-projets\/\" class=\"more\">Read more<\/a><\/p>\n","protected":false},"author":1,"featured_media":0,"parent":0,"menu_order":0,"comment_status":"closed","ping_status":"closed","template":"","meta":{"footnotes":""},"class_list":["post-243","page","type-page","status-publish","hentry"],"_links":{"self":[{"href":"https:\/\/aihmby.com\/index.php\/wp-json\/wp\/v2\/pages\/243","targetHints":{"allow":["GET"]}}],"collection":[{"href":"https:\/\/aihmby.com\/index.php\/wp-json\/wp\/v2\/pages"}],"about":[{"href":"https:\/\/aihmby.com\/index.php\/wp-json\/wp\/v2\/types\/page"}],"author":[{"embeddable":true,"href":"https:\/\/aihmby.com\/index.php\/wp-json\/wp\/v2\/users\/1"}],"replies":[{"embeddable":true,"href":"https:\/\/aihmby.com\/index.php\/wp-json\/wp\/v2\/comments?post=243"}],"version-history":[{"count":41,"href":"https:\/\/aihmby.com\/index.php\/wp-json\/wp\/v2\/pages\/243\/revisions"}],"predecessor-version":[{"id":461,"href":"https:\/\/aihmby.com\/index.php\/wp-json\/wp\/v2\/pages\/243\/revisions\/461"}],"wp:attachment":[{"href":"https:\/\/aihmby.com\/index.php\/wp-json\/wp\/v2\/media?parent=243"}],"curies":[{"name":"wp","href":"https:\/\/api.w.org\/{rel}","templated":true}]}}