{"id":122,"date":"2026-02-17T16:32:58","date_gmt":"2026-02-17T15:32:58","guid":{"rendered":"https:\/\/aihmby.com\/?page_id=122"},"modified":"2026-02-23T11:40:50","modified_gmt":"2026-02-23T10:40:50","slug":"a-propos-de-nous","status":"publish","type":"page","link":"https:\/\/aihmby.com\/index.php\/a-propos-de-nous\/","title":{"rendered":"\u00c0 propos de AIHMBY"},"content":{"rendered":"<div class=\"wpb-content-wrapper\"><p>[vc_row][vc_column][vc_empty_space height=\u00a0\u00bb50px\u00a0\u00bb][vc_row_inner][vc_column_inner width=\u00a0\u00bb1\/2&Prime;][vc_column_text css=\u00a0\u00bb.vc_custom_1771588536808{padding-top: 30px !important;}\u00a0\u00bb]<\/p>\n<p style=\"text-align: justify;\" data-start=\"160\" data-end=\"565\">Fond\u00e9e en 2023, <strong data-start=\"176\" data-end=\"186\">AIHMBY<\/strong> est une entreprise de droit ivoirien constitu\u00e9e sous la forme de Soci\u00e9t\u00e9 \u00e0 Responsabilit\u00e9 Limit\u00e9e (SARL), avec un capital social de 5 000 000 FCFA. L\u2019entreprise intervient dans plusieurs secteurs strat\u00e9giques, notamment le g\u00e9nie civil, les travaux publics, la conception et la r\u00e9alisation de projets, l\u2019immobilier, la logistique, ainsi que la fourniture de biens et de services.<\/p>\n<p style=\"text-align: justify;\" data-start=\"567\" data-end=\"840\">N\u00e9e de la volont\u00e9 de contribuer activement au d\u00e9veloppement \u00e9conomique et structurel de la C\u00f4te d\u2019Ivoire, AIHMBY accompagne les acteurs publics et priv\u00e9s dans la r\u00e9alisation de leurs projets, en apportant des solutions fiables, durables et adapt\u00e9es aux exigences actuelles.<\/p>\n<p style=\"text-align: justify;\" data-start=\"842\" data-end=\"1118\">L\u2019entreprise s\u2019appuie sur une organisation structur\u00e9e, une \u00e9quipe de professionnels qualifi\u00e9s et des \u00e9quipements performants, lui permettant de garantir une ex\u00e9cution rigoureuse de ses missions dans le respect des normes de qualit\u00e9, des d\u00e9lais et des engagements contractuels.<\/p>\n<p style=\"text-align: justify;\" data-start=\"1120\" data-end=\"1415\">Guid\u00e9e par des valeurs d\u2019excellence, d\u2019int\u00e9grit\u00e9 et de responsabilit\u00e9, AIHMBY poursuit son ambition de se positionner comme un groupe de r\u00e9f\u00e9rence, reconnu pour son professionnalisme et sa contribution au d\u00e9veloppement des infrastructures et des services en C\u00f4te d\u2019Ivoire et dans la sous-r\u00e9gion.<\/p>\n<p>[\/vc_column_text][\/vc_column_inner][vc_column_inner width=\u00a0\u00bb1\/2&Prime;][vc_single_image image=\u00a0\u00bb67&Prime; img_size=\u00a0\u00bbfull\u00a0\u00bb alignment=\u00a0\u00bbcenter\u00a0\u00bb css=\u00a0\u00bb\u00a0\u00bb][vc_column_text css=\u00a0\u00bb.vc_custom_1771589000759{margin-right: 40px !important;margin-left: 30px !important;border-top-width: 1px !important;border-right-width: 1px !important;border-bottom-width: 1px !important;border-left-width: 1px !important;padding-top: 10px !important;padding-right: 10px !important;padding-bottom: 10px !important;padding-left: 10px !important;background-color: rgba(168,226,255,0.16) !important;*background-color: rgb(168,226,255) !important;border-left-style: solid !important;border-right-style: solid !important;border-top-style: solid !important;border-bottom-style: solid !important;border-color: #1e73be !important;}\u00a0\u00bb]<\/p>\n<h1 data-start=\"1422\" data-end=\"1444\">Informations l\u00e9gales<\/h1>\n<h5 data-start=\"1446\" data-end=\"1582\"><strong>Raison sociale : AIHMBY SARL<\/strong><br data-start=\"1478\" data-end=\"1481\" \/><strong>Forme juridique : Soci\u00e9t\u00e9 \u00e0 Responsabilit\u00e9 Limit\u00e9e (SARL)<\/strong><br data-start=\"1542\" data-end=\"1545\" \/><strong>Capital social : 5 000 000 FCFA<\/strong><\/h5>\n<h5 data-start=\"1584\" data-end=\"1694\"><strong>Num\u00e9ro de Registre de Commerce : CI-ABJ-03-2023-B12-05094<\/strong><br data-start=\"1645\" data-end=\"1648\" \/><strong>Num\u00e9ro de Compte Contribuable : 2304067B<\/strong><\/h5>\n<h5 data-start=\"1696\" data-end=\"1793\"><strong>Si\u00e8ge social : 26 BP 1377 Abidjan 26, C\u00f4te d\u2019Ivoire<\/strong><br data-start=\"1751\" data-end=\"1754\" \/><strong>Banque : Ecobank \u2013 Agence Plateau<\/strong><\/h5>\n<h5 data-start=\"1795\" data-end=\"1829\"><strong>Effectif : 50 collaborateurs<\/strong><\/h5>\n<p>[\/vc_column_text][\/vc_column_inner][\/vc_row_inner][\/vc_column][\/vc_row][vc_row][vc_column][vc_empty_space el_id=\u00a0\u00bbmission\u00a0\u00bb][\/vc_column][\/vc_row][vc_row][vc_column width=\u00a0\u00bb1\/2&Prime;][vc_custom_heading text=\u00a0\u00bbNOTRE MISSION\u00a0\u00bb font_container=\u00a0\u00bbtag:h2|font_size:30px|text_align:left\u00a0\u00bb google_fonts=\u00a0\u00bbfont_family:Roboto%3A100%2C100italic%2C300%2C300italic%2Cregular%2Citalic%2C500%2C500italic%2C700%2C700italic%2C900%2C900italic|font_style:700%20bold%20regular%3A700%3Anormal\u00a0\u00bb css=\u00a0\u00bb.vc_custom_1771473168835{margin-bottom: 0px !important;border-bottom-width: 0px !important;padding-bottom: 15px !important;}\u00a0\u00bb][vc_column_text css=\u00a0\u00bb\u00a0\u00bb]<\/p>\n<p data-start=\"1950\" data-end=\"2118\">Notre mission est d\u2019accompagner nos clients dans la r\u00e9alisation de leurs projets en garantissant des constructions solides, durables et conformes aux normes techniques.<\/p>\n<p data-start=\"2120\" data-end=\"2237\">Nous nous engageons \u00e0 fournir des prestations de qualit\u00e9, dans le respect des d\u00e9lais et des exigences de nos clients.<\/p>\n<p>[\/vc_column_text][\/vc_column][vc_column width=\u00a0\u00bb1\/2&Prime;][vc_custom_heading text=\u00a0\u00bbNOTRE VISION\u00a0\u00bb font_container=\u00a0\u00bbtag:h2|font_size:30px|text_align:left\u00a0\u00bb google_fonts=\u00a0\u00bbfont_family:Roboto%3A100%2C100italic%2C300%2C300italic%2Cregular%2Citalic%2C500%2C500italic%2C700%2C700italic%2C900%2C900italic|font_style:700%20bold%20regular%3A700%3Anormal\u00a0\u00bb css=\u00a0\u00bb.vc_custom_1771473201611{margin-bottom: 0px !important;border-bottom-width: 0px !important;padding-bottom: 15px !important;}\u00a0\u00bb][vc_column_text css=\u00a0\u00bb\u00a0\u00bb]<\/p>\n<p style=\"text-align: justify;\" data-start=\"1950\" data-end=\"2118\">Notre ambition est de devenir une r\u00e9f\u00e9rence dans le secteur du BTP en C\u00f4te d\u2019Ivoire et en Afrique, en contribuant activement au d\u00e9veloppement d\u2019infrastructures modernes et durables.<\/p>\n<p>[\/vc_column_text][\/vc_column][\/vc_row][vc_row][vc_column][\/vc_column][\/vc_row][vc_row][vc_column][vc_custom_heading text=\u00a0\u00bbNOS ENGAGEMENTS\u00a0\u00bb font_container=\u00a0\u00bbtag:h2|font_size:30px|text_align:left\u00a0\u00bb google_fonts=\u00a0\u00bbfont_family:Roboto%3A100%2C100italic%2C300%2C300italic%2Cregular%2Citalic%2C500%2C500italic%2C700%2C700italic%2C900%2C900italic|font_style:700%20bold%20regular%3A700%3Anormal\u00a0\u00bb css=\u00a0\u00bb.vc_custom_1771473306555{margin-bottom: 0px !important;border-bottom-width: 0px !important;padding-bottom: 15px !important;}\u00a0\u00bb][vc_column_text css=\u00a0\u00bb\u00a0\u00bb]<\/p>\n<p data-start=\"2469\" data-end=\"2518\">Chez <strong>AIHMBY CONSTRUCTION<\/strong>, nous nous engageons \u00e0 :<\/p>\n<ul data-start=\"2520\" data-end=\"2725\">\n<li data-start=\"2520\" data-end=\"2557\">\n<p data-start=\"2522\" data-end=\"2557\">assurer un haut niveau de qualit\u00e9<\/p>\n<\/li>\n<li data-start=\"2558\" data-end=\"2594\">\n<p data-start=\"2560\" data-end=\"2594\">respecter les d\u00e9lais d\u2019ex\u00e9cution<\/p>\n<\/li>\n<li data-start=\"2595\" data-end=\"2640\">\n<p data-start=\"2597\" data-end=\"2640\">garantir la transparence dans nos projets<\/p>\n<\/li>\n<li data-start=\"2641\" data-end=\"2682\">\n<p data-start=\"2643\" data-end=\"2682\">offrir un accompagnement personnalis\u00e9<\/p>\n<\/li>\n<li data-start=\"2683\" data-end=\"2725\">\n<p data-start=\"2685\" data-end=\"2725\">assurer la satisfaction de nos clients<\/p>\n<\/li>\n<\/ul>\n<p>[\/vc_column_text][\/vc_column][\/vc_row][vc_row][vc_column][vc_empty_space el_id=\u00a0\u00bbequipe\u00a0\u00bb][\/vc_column][\/vc_row][vc_row][vc_column][vc_custom_heading text=\u00a0\u00bbNOTRE \u00c9QUIPE\u00a0\u00bb font_container=\u00a0\u00bbtag:h2|font_size:30px|text_align:left\u00a0\u00bb google_fonts=\u00a0\u00bbfont_family:Roboto%3A100%2C100italic%2C300%2C300italic%2Cregular%2Citalic%2C500%2C500italic%2C700%2C700italic%2C900%2C900italic|font_style:700%20bold%20regular%3A700%3Anormal\u00a0\u00bb css=\u00a0\u00bb.vc_custom_1771473571195{margin-bottom: 0px !important;border-bottom-width: 0px !important;padding-bottom: 15px !important;}\u00a0\u00bb][vc_row_inner][vc_column_inner width=\u00a0\u00bb1\/4&Prime;][vc_single_image css=\u00a0\u00bb\u00a0\u00bb][vc_custom_heading text=\u00a0\u00bbGOSSE LOUIS LAMBERT\u00a0\u00bb font_container=\u00a0\u00bbtag:h3|text_align:left\u00a0\u00bb google_fonts=\u00a0\u00bbfont_family:Roboto%3A100%2C100italic%2C300%2C300italic%2Cregular%2Citalic%2C500%2C500italic%2C700%2C700italic%2C900%2C900italic|font_style:500%20bold%20regular%3A500%3Anormal\u00a0\u00bb css=\u00a0\u00bb.vc_custom_1771474263089{margin-top: 0px !important;margin-bottom: 0px !important;border-top-width: 0px !important;border-bottom-width: 0px !important;padding-top: 0px !important;padding-bottom: 10px !important;}\u00a0\u00bb][vc_custom_heading text=\u00a0\u00bbDirecteur des travaux\u00a0\u00bb font_container=\u00a0\u00bbtag:h5|text_align:left|color:%239e9e9e\u00a0\u00bb google_fonts=\u00a0\u00bbfont_family:Roboto%3A100%2C100italic%2C300%2C300italic%2Cregular%2Citalic%2C500%2C500italic%2C700%2C700italic%2C900%2C900italic|font_style:400%20italic%3A400%3Aitalic\u00a0\u00bb css=\u00a0\u00bb\u00a0\u00bb][\/vc_column_inner][vc_column_inner width=\u00a0\u00bb1\/4&Prime;][vc_single_image css=\u00a0\u00bb\u00a0\u00bb][vc_custom_heading text=\u00a0\u00bbKOUASSI KOFFI HUBERT\u00a0\u00bb font_container=\u00a0\u00bbtag:h3|text_align:left\u00a0\u00bb google_fonts=\u00a0\u00bbfont_family:Roboto%3A100%2C100italic%2C300%2C300italic%2Cregular%2Citalic%2C500%2C500italic%2C700%2C700italic%2C900%2C900italic|font_style:500%20bold%20regular%3A500%3Anormal\u00a0\u00bb css=\u00a0\u00bb.vc_custom_1771474367507{margin-top: 0px !important;margin-bottom: 0px !important;border-top-width: 0px !important;border-bottom-width: 0px !important;padding-top: 0px !important;padding-bottom: 10px !important;}\u00a0\u00bb][vc_custom_heading text=\u00a0\u00bbElectricien\u00a0\u00bb font_container=\u00a0\u00bbtag:h5|text_align:left|color:%239e9e9e\u00a0\u00bb google_fonts=\u00a0\u00bbfont_family:Roboto%3A100%2C100italic%2C300%2C300italic%2Cregular%2Citalic%2C500%2C500italic%2C700%2C700italic%2C900%2C900italic|font_style:400%20italic%3A400%3Aitalic\u00a0\u00bb css=\u00a0\u00bb\u00a0\u00bb][\/vc_column_inner][vc_column_inner width=\u00a0\u00bb1\/4&Prime;][vc_single_image css=\u00a0\u00bb\u00a0\u00bb][vc_custom_heading text=\u00a0\u00bbKONE DAOUDA\u00a0\u00bb font_container=\u00a0\u00bbtag:h3|text_align:left\u00a0\u00bb google_fonts=\u00a0\u00bbfont_family:Roboto%3A100%2C100italic%2C300%2C300italic%2Cregular%2Citalic%2C500%2C500italic%2C700%2C700italic%2C900%2C900italic|font_style:500%20bold%20regular%3A500%3Anormal\u00a0\u00bb css=\u00a0\u00bb.vc_custom_1771474398012{margin-top: 0px !important;margin-bottom: 0px !important;border-top-width: 0px !important;border-bottom-width: 0px !important;padding-top: 0px !important;padding-bottom: 10px !important;}\u00a0\u00bb][vc_custom_heading text=\u00a0\u00bbConducteur des Travaux\u00a0\u00bb font_container=\u00a0\u00bbtag:h5|text_align:left|color:%239e9e9e\u00a0\u00bb google_fonts=\u00a0\u00bbfont_family:Roboto%3A100%2C100italic%2C300%2C300italic%2Cregular%2Citalic%2C500%2C500italic%2C700%2C700italic%2C900%2C900italic|font_style:400%20italic%3A400%3Aitalic\u00a0\u00bb css=\u00a0\u00bb\u00a0\u00bb][\/vc_column_inner][vc_column_inner width=\u00a0\u00bb1\/4&Prime;][vc_single_image css=\u00a0\u00bb\u00a0\u00bb][vc_custom_heading text=\u00a0\u00bbKOUAME KOUADIO EDAIRE\u00a0\u00bb font_container=\u00a0\u00bbtag:h3|text_align:left\u00a0\u00bb google_fonts=\u00a0\u00bbfont_family:Roboto%3A100%2C100italic%2C300%2C300italic%2Cregular%2Citalic%2C500%2C500italic%2C700%2C700italic%2C900%2C900italic|font_style:500%20bold%20regular%3A500%3Anormal\u00a0\u00bb css=\u00a0\u00bb.vc_custom_1771474432932{margin-top: 0px !important;margin-bottom: 0px !important;border-top-width: 0px !important;border-bottom-width: 0px !important;padding-top: 0px !important;padding-bottom: 10px !important;}\u00a0\u00bb][vc_custom_heading text=\u00a0\u00bbChef Chantier\u00a0\u00bb font_container=\u00a0\u00bbtag:h5|text_align:left|color:%239e9e9e\u00a0\u00bb google_fonts=\u00a0\u00bbfont_family:Roboto%3A100%2C100italic%2C300%2C300italic%2Cregular%2Citalic%2C500%2C500italic%2C700%2C700italic%2C900%2C900italic|font_style:400%20italic%3A400%3Aitalic\u00a0\u00bb css=\u00a0\u00bb\u00a0\u00bb][\/vc_column_inner][\/vc_row_inner][\/vc_column][\/vc_row]<\/p>\n<\/div>","protected":false},"excerpt":{"rendered":"<p>[vc_row][vc_column][vc_empty_space height=\u00a0\u00bb50px\u00a0\u00bb][vc_row_inner][vc_column_inner width=\u00a0\u00bb1\/2&Prime;][vc_column_text css=\u00a0\u00bb.vc_custom_1771588536808{padding-top: 30px !important;}\u00a0\u00bb] Fond\u00e9e en 2023, AIHMBY est une entreprise de droit ivoirien constitu\u00e9e sous la forme de Soci\u00e9t\u00e9 \u00e0 Responsabilit\u00e9 Limit\u00e9e (SARL), avec un capital social de 5 000 000 FCFA. L\u2019entreprise intervient dans plusieurs secteurs strat\u00e9giques, notamment le g\u00e9nie civil, les travaux publics, la conception et la r\u00e9alisation de projets,<br \/><a href=\"https:\/\/aihmby.com\/index.php\/a-propos-de-nous\/\" class=\"more\">Read more<\/a><\/p>\n","protected":false},"author":1,"featured_media":0,"parent":0,"menu_order":0,"comment_status":"closed","ping_status":"closed","template":"","meta":{"footnotes":""},"class_list":["post-122","page","type-page","status-publish","hentry"],"_links":{"self":[{"href":"https:\/\/aihmby.com\/index.php\/wp-json\/wp\/v2\/pages\/122","targetHints":{"allow":["GET"]}}],"collection":[{"href":"https:\/\/aihmby.com\/index.php\/wp-json\/wp\/v2\/pages"}],"about":[{"href":"https:\/\/aihmby.com\/index.php\/wp-json\/wp\/v2\/types\/page"}],"author":[{"embeddable":true,"href":"https:\/\/aihmby.com\/index.php\/wp-json\/wp\/v2\/users\/1"}],"replies":[{"embeddable":true,"href":"https:\/\/aihmby.com\/index.php\/wp-json\/wp\/v2\/comments?post=122"}],"version-history":[{"count":28,"href":"https:\/\/aihmby.com\/index.php\/wp-json\/wp\/v2\/pages\/122\/revisions"}],"predecessor-version":[{"id":371,"href":"https:\/\/aihmby.com\/index.php\/wp-json\/wp\/v2\/pages\/122\/revisions\/371"}],"wp:attachment":[{"href":"https:\/\/aihmby.com\/index.php\/wp-json\/wp\/v2\/media?parent=122"}],"curies":[{"name":"wp","href":"https:\/\/api.w.org\/{rel}","templated":true}]}}